{"id":2737,"date":"2017-09-18T12:06:48","date_gmt":"2017-09-18T12:06:48","guid":{"rendered":"https:\/\/flordecorspain.com\/product\/bouquet-white-perfection\/"},"modified":"2025-04-25T12:14:04","modified_gmt":"2025-04-25T12:14:04","slug":"bouquet-white-perfection","status":"publish","type":"product","link":"https:\/\/flordecorspain.com\/es\/product\/bouquet-white-perfection\/","title":{"rendered":"\ud83e\udd0d Ramo \u201cPerfecci\u00f3n Blanca\u201d \ud83e\udd0d"},"content":{"rendered":"<p>Un elegante ramo de 37 delicadas rosas blancas, que simbolizan pureza, sinceridad y sofisticaci\u00f3n. La elecci\u00f3n perfecta para momentos especiales en los que quieres expresar tus sentimientos m\u00e1s sinceros.<\/p>\n<p>\u2728 Ideal para: cumplea\u00f1os, aniversarios, bodas, declaraciones de amor o simplemente para sorprender a alguien especial.<\/p>\n<p>\ud83d\udcc5 Pedido con 1 o m\u00e1s d\u00edas de antelaci\u00f3n.<\/p>\n<p>\ud83d\ude9a Entrega en Tarragona y alrededores (coste de env\u00edo: 10-20\u20ac, seg\u00fan la distancia).<\/p>\n<p>\ud83d\udc90 Precio: 150\u20ac<\/p>\n<p>\ud83d\udce9 \u00a1Escr\u00edbenos por WhatsApp para hacer tu pedido y regalar emociones inolvidables! \u2728<\/p>\n","protected":false},"excerpt":{"rendered":"<p>Un elegante ramo de 37 delicadas rosas blancas, que simbolizan pureza, sinceridad y sofisticaci\u00f3n.<\/p>\n","protected":false},"featured_media":2509,"comment_status":"open","ping_status":"closed","template":"","meta":[],"product_brand":[],"product_cat":[123,115,116],"product_tag":[117,118,119],"class_list":{"0":"post-2737","1":"product","2":"type-product","3":"status-publish","4":"has-post-thumbnail","6":"product_cat-wedding-decor-es","7":"product_cat-birthday-es","8":"product_cat-i-love-you-es","9":"product_tag-best-sellers-es","10":"product_tag-bouquets-es","11":"product_tag-wedding-es","12":"product_shipping_class-europe","14":"first","15":"instock","16":"shipping-taxable","17":"purchasable","18":"product-type-simple"},"_links":{"self":[{"href":"https:\/\/flordecorspain.com\/es\/wp-json\/wp\/v2\/product\/2737","targetHints":{"allow":["GET"]}}],"collection":[{"href":"https:\/\/flordecorspain.com\/es\/wp-json\/wp\/v2\/product"}],"about":[{"href":"https:\/\/flordecorspain.com\/es\/wp-json\/wp\/v2\/types\/product"}],"replies":[{"embeddable":true,"href":"https:\/\/flordecorspain.com\/es\/wp-json\/wp\/v2\/comments?post=2737"}],"wp:featuredmedia":[{"embeddable":true,"href":"https:\/\/flordecorspain.com\/es\/wp-json\/wp\/v2\/media\/2509"}],"wp:attachment":[{"href":"https:\/\/flordecorspain.com\/es\/wp-json\/wp\/v2\/media?parent=2737"}],"wp:term":[{"taxonomy":"product_brand","embeddable":true,"href":"https:\/\/flordecorspain.com\/es\/wp-json\/wp\/v2\/product_brand?post=2737"},{"taxonomy":"product_cat","embeddable":true,"href":"https:\/\/flordecorspain.com\/es\/wp-json\/wp\/v2\/product_cat?post=2737"},{"taxonomy":"product_tag","embeddable":true,"href":"https:\/\/flordecorspain.com\/es\/wp-json\/wp\/v2\/product_tag?post=2737"}],"curies":[{"name":"wp","href":"https:\/\/api.w.org\/{rel}","templated":true}]}}