{"id":2594,"date":"2017-09-12T12:42:04","date_gmt":"2017-09-12T12:42:04","guid":{"rendered":"https:\/\/flordecorspain.com\/contacts\/"},"modified":"2025-06-19T14:07:04","modified_gmt":"2025-06-19T14:07:04","slug":"contacts","status":"publish","type":"page","link":"https:\/\/flordecorspain.com\/es\/contacts\/","title":{"rendered":"Contactos"},"content":{"rendered":"<div class=\"wpb-content-wrapper\"><p>[vc_row full_width=\u00bbstretch_row_content_no_spaces\u00bb equal_height=\u00bbyes\u00bb hide_bg_image_on_tablet=\u00bb\u00bb hide_bg_image_on_mobile=\u00bb\u00bb][vc_column hide_bg_image_on_tablet=\u00bb\u00bb hide_bg_image_on_mobile=\u00bb\u00bb css=\u00bb.vc_custom_1509012217203{background-color: #ffffff !important;}\u00bb offset=\u00bbvc_col-lg-6&#8243;][vc_row_inner][vc_column_inner offset=\u00bbvc_hidden-md vc_hidden-sm vc_hidden-xs\u00bb][vc_empty_space height=\u00bb3rem\u00bb alter_height=\u00bbnone\u00bb hide_on_desktop=\u00bb\u00bb hide_on_notebook=\u00bb\u00bb hide_on_tablet=\u00bb\u00bb hide_on_mobile=\u00bb\u00bb][\/vc_column_inner][\/vc_row_inner][vc_empty_space height=\u00bb3.75rem\u00bb alter_height=\u00bbnone\u00bb hide_on_desktop=\u00bb\u00bb hide_on_notebook=\u00bb\u00bb hide_on_tablet=\u00bb\u00bb hide_on_mobile=\u00bb\u00bb]<div id=\"sc_content_2022510935\"\r\n\t\tclass=\"sc_content color_style_default sc_content_default sc_content_width_90p sc_float_center\"><div class=\"sc_content_container\"><div id=\"sc_title_2122799401\"\n\t\tclass=\"sc_title color_style_link3 sc_title_default\"><div class=\"sc_item_icon sc_title_icon sc_align_center \">\n\t\t<span class=\"icon-balloons\"><\/span>\n\t<\/div><h3 class=\"sc_item_title sc_title_title sc_align_center sc_item_title_style_default\">C\u00f3mo contactarme<\/h3><h6 class=\"sc_item_subtitle sc_title_subtitle sc_align_center sc_item_title_style_default\">ponerse en contacto<\/h6><\/div><!-- \/.sc_title -->[vc_empty_space height=\u00bb2.35rem\u00bb alter_height=\u00bbnone\u00bb hide_on_desktop=\u00bb\u00bb hide_on_notebook=\u00bb\u00bb hide_on_tablet=\u00bb\u00bb hide_on_mobile=\u00bb\u00bb]<div id=\"sc_icons_1261488929\" \n\tclass=\"sc_icons sc_icons_default sc_icons_size_medium sc_align_center\"><div class=\"sc_icons_columns_wrap sc_item_columns trx_addons_columns_wrap columns_padding_bottom\"><div class=\"trx_addons_column-1_3\"><div class=\"sc_icons_item\"><div id=\"sc_icons_1261488929_icon-telephone2\" class=\"sc_icons_icon sc_icon_type_ icon-telephone2\"\n\t\t\t\t\t\t style=\"color: #8D7ACB\"\t\t\t\t\t\t><span class=\"sc_icon_type_ icon-telephone2\" style=\"color: #8D7ACB\"><\/span><\/div><h4 class=\"sc_icons_item_title\"><span> Tel\u00e9fono<\/span><\/h4><div class=\"sc_icons_item_description\"><span><a href=\"tel:+34604266080\">+34 604 26 60 80<\/a><\/span><span><strong>WhatsApp<\/strong> <a href=\"https:\/\/api.whatsapp.com\/send?phone=+34604266080\" target=\"_blank\" class=\"whatsapp\" title=\"whatsapp\" rel=\"noopener noreferrer\">+34 604 266 080 <i class=\"fab fa-whatsapp whatsapp-icon\"><\/i><\/a><\/span><\/div><\/div><\/div><div class=\"trx_addons_column-1_3\"><div class=\"sc_icons_item\"><div id=\"sc_icons_1261488929_icon-gift-box-with-lace\" class=\"sc_icons_icon sc_icon_type_ icon-gift-box-with-lace\"\n\t\t\t\t\t\t style=\"color: #8D7ACB\"\t\t\t\t\t\t><span class=\"sc_icon_type_ icon-gift-box-with-lace\" style=\"color: #8D7ACB\"><\/span><\/div><h4 class=\"sc_icons_item_title\"><span>Email<\/span><\/h4><div class=\"sc_icons_item_description\"><span><a href=\"mailto:irinaralko@gmail.com\">irinaralko@gmail.com<\/a><\/span><\/div><\/div><\/div><div class=\"trx_addons_column-1_3\"><div class=\"sc_icons_item\"><div id=\"sc_icons_1261488929_icon-wedding-day\" class=\"sc_icons_icon sc_icon_type_ icon-wedding-day\"\n\t\t\t\t\t\t style=\"color: #8D7ACB\"\t\t\t\t\t\t><span class=\"sc_icon_type_ icon-wedding-day\" style=\"color: #8D7ACB\"><\/span><\/div><h4 class=\"sc_icons_item_title\"><span>Pedidos<\/span><\/h4><div class=\"sc_icons_item_description\"><span>1 d\u00eda o m\u00e1s de antelaci\u00f3n. Entrega: 10-20\u20ac en Provincia Tarragona.<\/span><\/div><\/div><\/div><\/div><\/div><!-- \/.sc_icons --><\/div><\/div><!-- \/.sc_content -->[vc_empty_space height=\u00bb1.3rem\u00bb alter_height=\u00bbnone\u00bb hide_on_desktop=\u00bb\u00bb hide_on_notebook=\u00bb\u00bb hide_on_tablet=\u00bb\u00bb hide_on_mobile=\u00bb\u00bb][vc_row_inner][vc_column_inner offset=\u00bbvc_hidden-md vc_hidden-sm vc_hidden-xs\u00bb][vc_empty_space height=\u00bb3rem\u00bb alter_height=\u00bbnone\u00bb hide_on_desktop=\u00bb\u00bb hide_on_notebook=\u00bb\u00bb hide_on_tablet=\u00bb\u00bb hide_on_mobile=\u00bb\u00bb][\/vc_column_inner][\/vc_row_inner][\/vc_column][vc_column offset=\u00bbvc_col-lg-6&#8243;]<div id=\"sc_googlemap_537910796_wrap\" class=\"sc_googlemap_wrap\"><div id=\"sc_googlemap_537910796\"\r\n\t\t\tclass=\"sc_googlemap sc_googlemap_default\"\r\n\t\t\t style=\"width:100%;height:35.111em;\"\t\t\tdata-zoom=\"12\"\r\n\t\t\tdata-style=\"dark\"\r\n\t\t\tdata-cluster-icon=\"\"\r\n\r\n\t\t\t><iframe\r\n\t\t\t\t\tsrc=\"https:\/\/maps.google.com\/maps?t=m&output=embed&iwloc=near&z=12&q=Carrer+de+Barcelona%2C+59%2C+43840+Salou%2C+Tarragona\"\r\n\t\t\t\t\tscrolling=\"no\"\r\n\t\t\t\t\tmarginheight=\"0\"\r\n\t\t\t\t\tmarginwidth=\"0\"\r\n\t\t\t\t\tframeborder=\"0\"\r\n\t\t\t\t\taria-label=\"\"><\/iframe><\/div><\/div><!-- \/.sc_googlemap_wrap -->[\/vc_column][\/vc_row][vc_row full_width=\u00bbstretch_row\u00bb hide_bg_image_on_tablet=\u00bb\u00bb hide_bg_image_on_mobile=\u00bb\u00bb][vc_column][vc_empty_space height=\u00bb3rem\u00bb alter_height=\u00bbnone\u00bb hide_on_desktop=\u00bb\u00bb hide_on_notebook=\u00bb\u00bb hide_on_tablet=\u00bb\u00bb hide_on_mobile=\u00bb\u00bb][vc_empty_space height=\u00bb3.5rem\u00bb alter_height=\u00bbnone\u00bb hide_on_desktop=\u00bb\u00bb hide_on_notebook=\u00bb\u00bb hide_on_tablet=\u00bb\u00bb hide_on_mobile=\u00bb\u00bb][\/vc_column][vc_column width=\u00bb5\/6&#8243; offset=\u00bbvc_col-lg-offset-2 vc_col-lg-8 vc_col-sm-offset-1&#8243;]<div id=\"sc_title_848204737\"\n\t\tclass=\"sc_title color_style_default sc_title_default\"><div class=\"sc_item_icon sc_title_icon sc_align_center \">\n\t\t<span class=\"icon-watering-can\"><\/span>\n\t<\/div><h3 class=\"sc_item_title sc_title_title sc_align_center sc_item_title_style_default\">\u00bfTiene alguna pregunta?<\/h3><h6 class=\"sc_item_subtitle sc_title_subtitle sc_align_center sc_item_title_style_default\">h\u00e1ganos saber c\u00f3mo podemos ayudarle<\/h6><\/div><!-- \/.sc_title -->[vc_empty_space height=\u00bb2.6rem\u00bb alter_height=\u00bbnone\u00bb hide_on_desktop=\u00bb\u00bb hide_on_notebook=\u00bb\u00bb hide_on_tablet=\u00bb\u00bb hide_on_mobile=\u00bb\u00bb]\n<div class=\"wpcf7 no-js\" id=\"wpcf7-f2826-o1\" lang=\"en-US\" dir=\"ltr\" data-wpcf7-id=\"2826\">\n<div class=\"screen-reader-response\"><p role=\"status\" aria-live=\"polite\" aria-atomic=\"true\"><\/p> <ul><\/ul><\/div>\n<form action=\"\/es\/wp-json\/wp\/v2\/pages\/2594#wpcf7-f2826-o1\" method=\"post\" class=\"wpcf7-form init\" aria-label=\"Contact form\" novalidate=\"novalidate\" data-status=\"init\">\n<fieldset class=\"hidden-fields-container\"><input type=\"hidden\" name=\"_wpcf7\" value=\"2826\" \/><input type=\"hidden\" name=\"_wpcf7_version\" value=\"6.1.5\" \/><input type=\"hidden\" name=\"_wpcf7_locale\" value=\"en_US\" \/><input type=\"hidden\" name=\"_wpcf7_unit_tag\" value=\"wpcf7-f2826-o1\" \/><input type=\"hidden\" name=\"_wpcf7_container_post\" value=\"0\" \/><input type=\"hidden\" name=\"_wpcf7_posted_data_hash\" value=\"\" \/>\n<\/fieldset>\n<div class=\"form_default\">\n\t<div class=\"trx_addons_columns_wrap\">\n\t\t<span class=\"trx_addons_column-1_2\">\n\t\t\t<label class=\"sc_form_field sc_form_field_name sc_form_field_text\">\n\t\t\t\t<span class=\"sc_form_field_wrap\">\n\t\t\t\t\t<span class=\"wpcf7-form-control-wrap\" data-name=\"YourName\"><input size=\"40\" maxlength=\"400\" class=\"wpcf7-form-control wpcf7-text wpcf7-validates-as-required\" aria-required=\"true\" aria-invalid=\"false\" placeholder=\"Tu nombre\" value=\"\" type=\"text\" name=\"YourName\" \/><\/span>\n\t\t\t\t<\/span>\n\t\t\t<\/label>\n\t\t<\/span><span class=\"trx_addons_column-1_2\">\n\t\t\t<label class=\"sc_form_field sc_form_field_email sc_form_field_text\">\n\t\t\t\t<span class=\"sc_form_field_wrap\">\n\t\t\t\t\t<span class=\"wpcf7-form-control-wrap\" data-name=\"YourEmail\"><input size=\"40\" maxlength=\"400\" class=\"wpcf7-form-control wpcf7-email wpcf7-validates-as-required wpcf7-text wpcf7-validates-as-email\" aria-required=\"true\" aria-invalid=\"false\" placeholder=\"Tu correo electr\u00f3nico\" value=\"\" type=\"email\" name=\"YourEmail\" \/><\/span>\n\t\t\t\t<\/span>\n\t\t\t<\/label>\n\t\t<\/span><span class=\"trx_addons_column-1_1\">\n\t\t\t<label class=\"sc_form_field sc_form_field_message sc_form_field_textarea\">\n\t\t\t\t<span class=\"sc_form_field_wrap\">\n\t\t\t\t\t<span class=\"wpcf7-form-control-wrap\" data-name=\"YourMessage\"><textarea cols=\"40\" rows=\"10\" maxlength=\"2000\" class=\"wpcf7-form-control wpcf7-textarea wpcf7-validates-as-required\" aria-required=\"true\" aria-invalid=\"false\" placeholder=\"Tu mensaje\" name=\"YourMessage\"><\/textarea><\/span>\n\t\t\t\t<\/span>\n\t\t\t<\/label>\n\t\t<\/span>\n\t<\/div>\n<div class=\"trx_addons_column-1_1 aligncenter\">\n<span class=\"aligncenter\"><input class=\"wpcf7-form-control wpcf7-submit has-spinner\" type=\"submit\" value=\"Enviar mensaje\" \/><\/span><\/div>\n<\/div><div class=\"wpcf7-response-output\" aria-hidden=\"true\"><\/div>\n<\/form>\n<\/div>\n[vc_empty_space height=\u00bb3rem\u00bb alter_height=\u00bbnone\u00bb hide_on_desktop=\u00bb\u00bb hide_on_notebook=\u00bb\u00bb hide_on_tablet=\u00bb\u00bb hide_on_mobile=\u00bb\u00bb][vc_empty_space height=\u00bb3.5rem\u00bb alter_height=\u00bbnone\u00bb hide_on_desktop=\u00bb\u00bb hide_on_notebook=\u00bb\u00bb hide_on_tablet=\u00bb\u00bb hide_on_mobile=\u00bb\u00bb][\/vc_column][\/vc_row]<\/p>\n<\/div>","protected":false},"excerpt":{"rendered":"<p>[vc_row full_width=\u00bbstretch_row_content_no_spaces\u00bb equal_height=\u00bbyes\u00bb hide_bg_image_on_tablet=\u00bb\u00bb hide_bg_image_on_mobile=\u00bb\u00bb][vc_column hide_bg_image_on_tablet=\u00bb\u00bb hide_bg_image_on_mobile=\u00bb\u00bb css=\u00bb.vc_custom_1509012217203{background-color: #ffffff !important;}\u00bb offset=\u00bbvc_col-lg-6&#8243;][vc_row_inner][vc_column_inner offset=\u00bbvc_hidden-md vc_hidden-sm vc_hidden-xs\u00bb][vc_empty_space height=\u00bb3rem\u00bb alter_height=\u00bbnone\u00bb hide_on_desktop=\u00bb\u00bb hide_on_notebook=\u00bb\u00bb hide_on_tablet=\u00bb\u00bb hide_on_mobile=\u00bb\u00bb][\/vc_column_inner][\/vc_row_inner][vc_empty_space height=\u00bb3.75rem\u00bb alter_height=\u00bbnone\u00bb hide_on_desktop=\u00bb\u00bb hide_on_notebook=\u00bb\u00bb hide_on_tablet=\u00bb\u00bb hide_on_mobile=\u00bb\u00bb][vc_empty_space height=\u00bb1.3rem\u00bb alter_height=\u00bbnone\u00bb hide_on_desktop=\u00bb\u00bb hide_on_notebook=\u00bb\u00bb hide_on_tablet=\u00bb\u00bb hide_on_mobile=\u00bb\u00bb][vc_row_inner][vc_column_inner offset=\u00bbvc_hidden-md vc_hidden-sm vc_hidden-xs\u00bb][vc_empty_space height=\u00bb3rem\u00bb alter_height=\u00bbnone\u00bb hide_on_desktop=\u00bb\u00bb hide_on_notebook=\u00bb\u00bb hide_on_tablet=\u00bb\u00bb hide_on_mobile=\u00bb\u00bb][\/vc_column_inner][\/vc_row_inner][\/vc_column][vc_column offset=\u00bbvc_col-lg-6&#8243;][\/vc_column][\/vc_row][vc_row full_width=\u00bbstretch_row\u00bb hide_bg_image_on_tablet=\u00bb\u00bb hide_bg_image_on_mobile=\u00bb\u00bb][vc_column][vc_empty_space height=\u00bb3rem\u00bb alter_height=\u00bbnone\u00bb hide_on_desktop=\u00bb\u00bb hide_on_notebook=\u00bb\u00bb hide_on_tablet=\u00bb\u00bb hide_on_mobile=\u00bb\u00bb][vc_empty_space height=\u00bb3.5rem\u00bb alter_height=\u00bbnone\u00bb hide_on_desktop=\u00bb\u00bb hide_on_notebook=\u00bb\u00bb hide_on_tablet=\u00bb\u00bb hide_on_mobile=\u00bb\u00bb][\/vc_column][vc_column width=\u00bb5\/6&#8243; offset=\u00bbvc_col-lg-offset-2 vc_col-lg-8&hellip;<\/p>\n","protected":false},"author":1,"featured_media":0,"parent":0,"menu_order":0,"comment_status":"closed","ping_status":"closed","template":"","meta":{"footnotes":""},"class_list":["post-2594","page","type-page","status-publish","hentry"],"_links":{"self":[{"href":"https:\/\/flordecorspain.com\/es\/wp-json\/wp\/v2\/pages\/2594","targetHints":{"allow":["GET"]}}],"collection":[{"href":"https:\/\/flordecorspain.com\/es\/wp-json\/wp\/v2\/pages"}],"about":[{"href":"https:\/\/flordecorspain.com\/es\/wp-json\/wp\/v2\/types\/page"}],"author":[{"embeddable":true,"href":"https:\/\/flordecorspain.com\/es\/wp-json\/wp\/v2\/users\/1"}],"replies":[{"embeddable":true,"href":"https:\/\/flordecorspain.com\/es\/wp-json\/wp\/v2\/comments?post=2594"}],"version-history":[{"count":6,"href":"https:\/\/flordecorspain.com\/es\/wp-json\/wp\/v2\/pages\/2594\/revisions"}],"predecessor-version":[{"id":2911,"href":"https:\/\/flordecorspain.com\/es\/wp-json\/wp\/v2\/pages\/2594\/revisions\/2911"}],"wp:attachment":[{"href":"https:\/\/flordecorspain.com\/es\/wp-json\/wp\/v2\/media?parent=2594"}],"curies":[{"name":"wp","href":"https:\/\/api.w.org\/{rel}","templated":true}]}}