{"id":2576,"date":"2017-09-12T12:44:10","date_gmt":"2017-09-12T12:44:10","guid":{"rendered":"https:\/\/flordecorspain.com\/about-me\/"},"modified":"2025-04-29T11:48:37","modified_gmt":"2025-04-29T11:48:37","slug":"about-me","status":"publish","type":"page","link":"https:\/\/flordecorspain.com\/es\/about-me\/","title":{"rendered":"Sobre m\u00ed"},"content":{"rendered":"<div class=\"wpb-content-wrapper\"><p>[vc_row][vc_column][vc_empty_space height=\u00bb3rem\u00bb alter_height=\u00bbnone\u00bb hide_on_desktop=\u00bb\u00bb hide_on_notebook=\u00bb\u00bb hide_on_tablet=\u00bb\u00bb hide_on_mobile=\u00bb\u00bb][vc_empty_space height=\u00bb3.75rem\u00bb alter_height=\u00bbnone\u00bb hide_on_desktop=\u00bb\u00bb hide_on_notebook=\u00bb\u00bb hide_on_tablet=\u00bb\u00bb hide_on_mobile=\u00bb\u00bb][\/vc_column][\/vc_row][vc_row full_width=\u00bbstretch_row\u00bb hide_bg_image_on_tablet=\u00bb\u00bb hide_bg_image_on_mobile=\u00bb\u00bb][vc_column]<div id=\"sc_title_595054513\"\n\t\tclass=\"sc_title color_style_default sc_title_default\"><div class=\"sc_item_icon sc_title_icon sc_align_center \">\n\t\t<span class=\"icon-hearts\"><\/span>\n\t<\/div><h3 class=\"sc_item_title sc_title_title sc_align_center sc_item_title_style_default\">Ramos Exclusivos de un Florista Profesional<\/h3><h6 class=\"sc_item_subtitle sc_title_subtitle sc_align_center sc_item_title_style_default\">bienvenida<\/h6><\/div><!-- \/.sc_title -->[vc_empty_space height=\u00bb2.45rem\u00bb alter_height=\u00bbnone\u00bb hide_on_desktop=\u00bb\u00bb hide_on_notebook=\u00bb\u00bb hide_on_tablet=\u00bb\u00bb hide_on_mobile=\u00bb\u00bb]<div  id=\"sc_promo_373447541\" \n\tclass=\"sc_promo color_style_default sc_promo_default  vc_custom_1741903349302 sc_promo_size_normal sc_promo_no_paddings sc_promo_image_position_left\"><div class=\"sc_promo_image\" style=\"background-image:url(https:\/\/flordecorspain.com\/wp-content\/uploads\/2025\/03\/aboutme.jpg);width:50%;left: 0;\"><\/div><div class=\"sc_promo_text\" style=\"width: 50%;float: right;\">\n\t\t\t<div class=\"sc_promo_text_inner sc_content_width_50%\" style=\"\"><div class=\"sc_promo_content sc_item_content\">[vc_row_inner][vc_column_inner offset=\u00bbvc_hidden-xs\u00bb][vc_empty_space height=\u00bb3.25rem\u00bb alter_height=\u00bbnone\u00bb hide_on_desktop=\u00bb\u00bb hide_on_notebook=\u00bb\u00bb hide_on_tablet=\u00bb\u00bb hide_on_mobile=\u00bb\u00bb][\/vc_column_inner][\/vc_row_inner][vc_empty_space height=\u00bb2rem\u00bb alter_height=\u00bbnone\u00bb hide_on_desktop=\u00bb\u00bb hide_on_notebook=\u00bb\u00bb hide_on_tablet=\u00bb\u00bb hide_on_mobile=\u00bb\u00bb]<div id=\"sc_title_879337809\"\n\t\tclass=\"sc_title color_style_default sc_title_default\"><h3 class=\"sc_item_title sc_title_title sc_align_center sc_item_title_style_default sc_item_title_tag\">Me llamo Irina y soy florista con 7 a\u00f1os de experiencia.<\/h3>\t\t<div class=\"sc_title_border sc_align_center\">\n\t\t\t<img decoding=\"async\" src=\"https:\/\/flordecorspain.com\/wp-content\/uploads\/2017\/10\/skills_border.png\" alt=\"'.esc_attr__('image', 'camelia').'\">\n\t\t<\/div>\n\t<div class=\"sc_item_descr sc_title_descr sc_align_center\"><p>Las flores son mi pasi\u00f3n y creo que cada ramo no solo debe lucir hermoso, sino tambi\u00e9n transmitir una sensaci\u00f3n especial.<\/p>\n<p>Cada ramo que creo est\u00e1 hecho con amor y atenci\u00f3n al detalle. Abordo cada pedido de manera individualizada para asegurarme de transmitir perfectamente tu mensaje y sentimientos. En mi trabajo solo utilizo flores frescas y de calidad premium, creando composiciones que alegrar\u00e1n tanto la vista como el alma.<\/p>\n<p>\u2728 Enfoque personalizado en cada pedido<br \/>\n\ud83c\udf38 Cada ramo hecho con amor y dedicaci\u00f3n<br \/>\n\ud83c\udf3f Las flores siempre frescas, ya que trabajo por encargo<br \/>\n\ud83d\ude9a Entrega r\u00e1pida en Tarragona y alrededores<\/p>\n<p>Mi objetivo no es solo vender flores, sino transmitir emociones y crear momentos \u00fanicos para ti y tus seres queridos.<\/p>\n<p>\u00a1Estar\u00e9 encantada de ayudarte a elegir el ramo perfecto! \ud83d\udc95<\/p>\n<\/div><div class=\"sc_item_button sc_button_wrap sc_align_center\"><a href=\"\/es\/shop\/\" id=\"sc_button_156455091\" class=\"sc_button color_style_default sc_button_default sc_item_button sc_item_button_default sc_title_button sc_button_size_normal sc_button_icon_left\"><span class=\"sc_button_text\"><span class=\"sc_button_title\">VER CAT\u00c1LOGO DE RAMOS<\/span><\/span><!-- \/.sc_button_text --><\/a><!-- \/.sc_button --><\/div><!-- \/.sc_item_button --><\/div><!-- \/.sc_title -->[vc_empty_space height=\u00bb2rem\u00bb alter_height=\u00bbnone\u00bb hide_on_desktop=\u00bb\u00bb hide_on_notebook=\u00bb\u00bb hide_on_tablet=\u00bb\u00bb hide_on_mobile=\u00bb\u00bb][vc_empty_space height=\u00bb3rem\u00bb alter_height=\u00bbnone\u00bb hide_on_desktop=\u00bb\u00bb hide_on_notebook=\u00bb\u00bb hide_on_tablet=\u00bb\u00bb hide_on_mobile=\u00bb\u00bb]<\/div><\/div>\n\t\t<\/div><!-- \/.sc_promo_text --><\/div><!-- \/.sc_promo -->[vc_empty_space height=\u00bb3rem\u00bb alter_height=\u00bbnone\u00bb hide_on_desktop=\u00bb\u00bb hide_on_notebook=\u00bb\u00bb hide_on_tablet=\u00bb\u00bb hide_on_mobile=\u00bb\u00bb][vc_empty_space height=\u00bb3.75rem\u00bb alter_height=\u00bbnone\u00bb hide_on_desktop=\u00bb\u00bb hide_on_notebook=\u00bb\u00bb hide_on_tablet=\u00bb\u00bb hide_on_mobile=\u00bb\u00bb]<div id=\"sc_skills_848950259\"\n\t\tclass=\"sc_skills sc_skills_counter\"\n\t\t\t\tdata-type=\"counter\"\n\t\t><div class=\"sc_skills_columns sc_item_columns trx_addons_columns_wrap columns_padding_bottom\"><div class=\"sc_skills_column trx_addons_column-1_4\"><div class=\"sc_skills_item_wrap\"><div class=\"sc_skills_item\"><div class=\"sc_skills_icon icon-bouquet\"><\/div><div class=\"sc_skills_border\"><img decoding=\"async\" src=\"https:\/\/flordecorspain.com\/wp-content\/uploads\/2017\/10\/skills_border.png\" alt=\"image\"><\/div><div class=\"sc_skills_total\" data-start=\"0\" data-stop=\"365\" data-step=\"4.78\" data-max=\"478\" data-speed=\"19\" data-duration=\"1451\" data-ed=\"\">0<\/div><\/div><div class=\"sc_skills_item_title\">Ramos<\/div><\/div><\/div><div class=\"sc_skills_column trx_addons_column-1_4\"><div class=\"sc_skills_item_wrap\"><div class=\"sc_skills_item\"><div class=\"sc_skills_icon icon-balloons\"><\/div><div class=\"sc_skills_border\"><img decoding=\"async\" src=\"https:\/\/flordecorspain.com\/wp-content\/uploads\/2017\/10\/skills_border.png\" alt=\"image\"><\/div><div class=\"sc_skills_total\" data-start=\"0\" data-stop=\"365\" data-step=\"4.78\" data-max=\"478\" data-speed=\"22\" data-duration=\"1680\" data-ed=\"\">0<\/div><\/div><div class=\"sc_skills_item_title\">Clientes felices<\/div><\/div><\/div><div class=\"sc_skills_column trx_addons_column-1_4\"><div class=\"sc_skills_item_wrap\"><div class=\"sc_skills_item\"><div class=\"sc_skills_icon icon-rose2\"><\/div><div class=\"sc_skills_border\"><img decoding=\"async\" src=\"https:\/\/flordecorspain.com\/wp-content\/uploads\/2017\/10\/skills_border.png\" alt=\"image\"><\/div><div class=\"sc_skills_total\" data-start=\"0\" data-stop=\"322\" data-step=\"4.78\" data-max=\"478\" data-speed=\"22\" data-duration=\"1482\" data-ed=\"\">0<\/div><\/div><div class=\"sc_skills_item_title\">Celebrar<\/div><\/div><\/div><div class=\"sc_skills_column trx_addons_column-1_4\"><div class=\"sc_skills_item_wrap\"><div class=\"sc_skills_item\"><div class=\"sc_skills_icon icon-gift-box-with-lace\"><\/div><div class=\"sc_skills_border\"><img decoding=\"async\" src=\"https:\/\/flordecorspain.com\/wp-content\/uploads\/2017\/10\/skills_border.png\" alt=\"image\"><\/div><div class=\"sc_skills_total\" data-start=\"0\" data-stop=\"87\" data-step=\"4.78\" data-max=\"478\" data-speed=\"32\" data-duration=\"582\" data-ed=\"\">0<\/div><\/div><div class=\"sc_skills_item_title\">Colecciones<\/div><\/div><\/div><\/div><\/div>[vc_empty_space height=\u00bb2rem\u00bb alter_height=\u00bbnone\u00bb hide_on_desktop=\u00bb\u00bb hide_on_notebook=\u00bb\u00bb hide_on_tablet=\u00bb\u00bb hide_on_mobile=\u00bb\u00bb][vc_empty_space height=\u00bb3rem\u00bb alter_height=\u00bbnone\u00bb hide_on_desktop=\u00bb\u00bb hide_on_notebook=\u00bb\u00bb hide_on_tablet=\u00bb\u00bb hide_on_mobile=\u00bb\u00bb][\/vc_column][\/vc_row][vc_row full_width=\u00bbstretch_row\u00bb disable_element=\u00bbyes\u00bb hide_bg_image_on_tablet=\u00bb\u00bb hide_bg_image_on_mobile=\u00bb\u00bb css=\u00bb.vc_custom_1741902962060{background-color: #ffffff !important;}\u00bb][vc_column][vc_empty_space height=\u00bb3rem\u00bb alter_height=\u00bbnone\u00bb hide_on_desktop=\u00bb\u00bb hide_on_notebook=\u00bb\u00bb hide_on_tablet=\u00bb\u00bb hide_on_mobile=\u00bb\u00bb][vc_empty_space height=\u00bb3.6rem\u00bb alter_height=\u00bbnone\u00bb hide_on_desktop=\u00bb\u00bb hide_on_notebook=\u00bb\u00bb hide_on_tablet=\u00bb\u00bb hide_on_mobile=\u00bb\u00bb]<div id=\"sc_title_617824964\"\n\t\tclass=\"sc_title color_style_link3 sc_title_default\"><div class=\"sc_item_icon sc_title_icon sc_align_center \">\n\t\t<span class=\"icon-bouquet\"><\/span>\n\t<\/div><h3 class=\"sc_item_title sc_title_title sc_align_center sc_item_title_style_default\">My Certificates<\/h3><h6 class=\"sc_item_subtitle sc_title_subtitle sc_align_center sc_item_title_style_default\">take a look at my certificates<\/h6><\/div><!-- \/.sc_title -->[vc_empty_space height=\u00bb2.5rem\u00bb alter_height=\u00bbnone\u00bb hide_on_desktop=\u00bb\u00bb hide_on_notebook=\u00bb\u00bb hide_on_tablet=\u00bb\u00bb hide_on_mobile=\u00bb\u00bb]<div id=\"\u0441ertificate\" class=\"widget_area sc_widget_slider vc_widget_slider wpb_content_element\"><aside id=\"\u0441ertificate_widget\" class=\"widget widget_slider\">\t\t\t<div class=\"slider_wrap slider_engine_swiper\">\r\n\t\t\t\t<div id=\"\u0441ertificate_outer\" class=\"slider_outer slider_swiper_outer slider_style_default slider_outer_direction_horizontal slider_outer_multi slider_outer_nopagination slider_outer_nocontrols slider_outer_titles_center\"><div id=\"\u0441ertificate_swiper\" class=\"slider_container slider_swiper swiper-slider-container slider_nocontrols slider_titles_center slider_noresize slider_height_auto slider_direction_horizontal slider_nopagination slider_multi slider_type_images\" data-ratio=\"16:9\" data-interval=\"7000\" data-effect=\"slide\" data-pagination=\"bullets\" data-direction=\"horizontal\" data-slides-per-view=\"3\" data-slides-space=\"30\"><div class=\"slider-wrapper swiper-wrapper\"><div  class=\"slider-slide swiper-slide\" data-image=\"https:\/\/flordecorspain.com\/wp-content\/uploads\/2017\/09\/image-41.jpg\" style=\"\"><img decoding=\"async\" src=\"https:\/\/flordecorspain.com\/wp-content\/uploads\/2017\/09\/image-41.jpg\" alt=\"\"><\/div><div  class=\"slider-slide swiper-slide\" data-image=\"https:\/\/flordecorspain.com\/wp-content\/uploads\/2017\/09\/image-40.jpg\" style=\"\"><img decoding=\"async\" src=\"https:\/\/flordecorspain.com\/wp-content\/uploads\/2017\/09\/image-40.jpg\" alt=\"\"><\/div><div  class=\"slider-slide swiper-slide\" data-image=\"https:\/\/flordecorspain.com\/wp-content\/uploads\/2017\/09\/image-39.jpg\" style=\"\"><img decoding=\"async\" src=\"https:\/\/flordecorspain.com\/wp-content\/uploads\/2017\/09\/image-39.jpg\" alt=\"\"><\/div><\/div><!-- \/.slider-wrapper --><\/div><!-- \/.slider_container --><\/div><!-- \/.slider_outer -->\t\t\t<\/div>\r\n\t\t\t<\/aside><\/div>[vc_empty_space height=\u00bb3.5rem\u00bb alter_height=\u00bbnone\u00bb hide_on_desktop=\u00bb\u00bb hide_on_notebook=\u00bb\u00bb hide_on_tablet=\u00bb\u00bb hide_on_mobile=\u00bb\u00bb]<div id=\"slider_controls_2017726201\" class=\"sc_slider_controls sc_slider_controls_default sc_align_center\" data-slider-id=\"\u0441ertificate\" data-style=\"default\"><div class=\"slider_controls_wrap with_prev with_next\"><a class=\"slider_prev swiper-button-prev\" href=\"#\"><\/a><a class=\"slider_next swiper-button-next\" href=\"#\"><\/a><\/div><\/div>[vc_empty_space height=\u00bb3rem\u00bb alter_height=\u00bbnone\u00bb hide_on_desktop=\u00bb\u00bb hide_on_notebook=\u00bb\u00bb hide_on_tablet=\u00bb\u00bb hide_on_mobile=\u00bb\u00bb][vc_empty_space height=\u00bb3.6rem\u00bb alter_height=\u00bbnone\u00bb hide_on_desktop=\u00bb\u00bb hide_on_notebook=\u00bb\u00bb hide_on_tablet=\u00bb\u00bb hide_on_mobile=\u00bb\u00bb][\/vc_column][\/vc_row][vc_row full_width=\u00bbstretch_row\u00bb hide_bg_image_on_tablet=\u00bb\u00bb hide_bg_image_on_mobile=\u00bb\u00bb][vc_column][vc_empty_space height=\u00bb2rem\u00bb alter_height=\u00bbnone\u00bb hide_on_desktop=\u00bb\u00bb hide_on_notebook=\u00bb\u00bb hide_on_tablet=\u00bb\u00bb hide_on_mobile=\u00bb\u00bb]<div id=\"sc_title_2140118082\"\n\t\tclass=\"sc_title color_style_default sc_title_default\"><div class=\"sc_item_icon sc_title_icon sc_align_center \">\n\t\t<span class=\"icon-balloons\"><\/span>\n\t<\/div><h3 class=\"sc_item_title sc_title_title sc_align_center sc_item_title_style_default\">Mis Clientes Felices<\/h3><h6 class=\"sc_item_subtitle sc_title_subtitle sc_align_center sc_item_title_style_default\">testimonios<\/h6><\/div><!-- \/.sc_title -->[vc_empty_space height=\u00bb1.25rem\u00bb alter_height=\u00bbnone\u00bb hide_on_desktop=\u00bb\u00bb hide_on_notebook=\u00bb\u00bb hide_on_tablet=\u00bb\u00bb hide_on_mobile=\u00bb\u00bb]<div class=\"sc_testimonials color_style_default sc_testimonials_simple alter\"><div class=\"sc_testimonials_slider sc_item_slider slider_swiper_outer slider_outer slider_outer_nocontrols slider_outer_pagination slider_outer_pagination_custom slider_outer_pagination_pos_bottom slider_outer_one\">\r\n\t<div class=\"slider_container swiper-slider-container slider_swiper slider_noresize slider_nocontrols slider_pagination slider_pagination_custom slider_pagination_pos_bottom slider_one\" data-slides-min-width=\"290\" data-pagination=\"custom\">\r\n\t\t<div class=\"slides slider-wrapper swiper-wrapper sc_item_columns_1\"><div class=\"slider-slide swiper-slide\"><div class=\"sc_testimonials_item\">\r\n\t<div class=\"sc_testimonials_item_content\">\n<figure class=\"wp-block-image size-large\"><img loading=\"lazy\" decoding=\"async\" width=\"768\" height=\"1024\" src=\"https:\/\/flordecorspain.com\/wp-content\/uploads\/2017\/09\/otziv2-768x1024.jpg\" alt=\"Happy moments of our clients!\" class=\"wp-image-2099\" srcset=\"https:\/\/flordecorspain.com\/wp-content\/uploads\/2017\/09\/otziv2-768x1024.jpg 768w, https:\/\/flordecorspain.com\/wp-content\/uploads\/2017\/09\/otziv2-225x300.jpg 225w, https:\/\/flordecorspain.com\/wp-content\/uploads\/2017\/09\/otziv2-1152x1536.jpg 1152w, https:\/\/flordecorspain.com\/wp-content\/uploads\/2017\/09\/otziv2-370x493.jpg 370w, https:\/\/flordecorspain.com\/wp-content\/uploads\/2017\/09\/otziv2-760x1013.jpg 760w, https:\/\/flordecorspain.com\/wp-content\/uploads\/2017\/09\/otziv2-524x699.jpg 524w, https:\/\/flordecorspain.com\/wp-content\/uploads\/2017\/09\/otziv2.jpg 1512w\" sizes=\"auto, (max-width: 768px) 100vw, 768px\" \/><\/figure>\n\n\n<p><br \/>Tuve una experiencia maravillosa en el Estudio de Flores. Me encantaron todos los arreglos florales que hicieron. Todo sali\u00f3 como lo imagin\u00e9 en mi cabeza. Sin duda os recomendar\u00eda en el futuro.<\/p>\n\n\n<p><\/p>\n<\/div>\r\n\t<div class=\"sc_testimonials_item_author\">\r\n\t\t\t\t\t<div class=\"sc_testimonials_item_author_avatar\"><img loading=\"lazy\" decoding=\"async\" width=\"180\" height=\"180\" src=\"https:\/\/flordecorspain.com\/wp-content\/uploads\/2017\/09\/otziv2-180x180.jpg\" class=\"attachment-camelia-thumb-tiny size-camelia-thumb-tiny wp-post-image\" alt=\"\u00a1Momentos felices de nuestros clientes!\" srcset=\"https:\/\/flordecorspain.com\/wp-content\/uploads\/2017\/09\/otziv2-180x180.jpg 180w, https:\/\/flordecorspain.com\/wp-content\/uploads\/2017\/09\/otziv2-150x150.jpg 150w, https:\/\/flordecorspain.com\/wp-content\/uploads\/2017\/09\/otziv2-100x100.jpg 100w, https:\/\/flordecorspain.com\/wp-content\/uploads\/2017\/09\/otziv2-370x370.jpg 370w\" sizes=\"auto, (max-width: 180px) 100vw, 180px\" \/><\/div>\r\n\t\t\t\t<div class=\"sc_testimonials_item_author_data\">\r\n\t\t\t<h4 class=\"sc_testimonials_item_author_title\">\u00a1Momentos felices de nuestros clientes!<\/h4>\r\n\t\t\t<div class=\"sc_testimonials_item_author_subtitle\"><\/div>\r\n\t\t<\/div>\r\n\t<\/div>\r\n<\/div>\r\n<\/div><div class=\"slider-slide swiper-slide\"><div class=\"sc_testimonials_item\">\r\n\t<div class=\"sc_testimonials_item_content\">\n<figure class=\"wp-block-image size-large\"><img loading=\"lazy\" decoding=\"async\" width=\"576\" height=\"1024\" src=\"https:\/\/flordecorspain.com\/wp-content\/uploads\/2017\/09\/otziv1-576x1024.jpg\" alt=\"Emotions that say more than words!\" class=\"wp-image-2102\" srcset=\"https:\/\/flordecorspain.com\/wp-content\/uploads\/2017\/09\/otziv1-576x1024.jpg 576w, https:\/\/flordecorspain.com\/wp-content\/uploads\/2017\/09\/otziv1-169x300.jpg 169w, https:\/\/flordecorspain.com\/wp-content\/uploads\/2017\/09\/otziv1-370x658.jpg 370w, https:\/\/flordecorspain.com\/wp-content\/uploads\/2017\/09\/otziv1-524x932.jpg 524w, https:\/\/flordecorspain.com\/wp-content\/uploads\/2017\/09\/otziv1.jpg 720w\" sizes=\"auto, (max-width: 576px) 100vw, 576px\" \/><\/figure>\n\n\n<p><br \/>Absolutamente una de las mejores empresas con las que he tratado. \u00a1Las flores eran absolutamente hermosas! Hicieron un trabajo incre\u00edble. Realmente muestran su pasi\u00f3n por lo que hacen en su trabajo.<\/p><\/div>\r\n\t<div class=\"sc_testimonials_item_author\">\r\n\t\t\t\t\t<div class=\"sc_testimonials_item_author_avatar\"><img loading=\"lazy\" decoding=\"async\" width=\"180\" height=\"180\" src=\"https:\/\/flordecorspain.com\/wp-content\/uploads\/2017\/09\/otziv1-180x180.jpg\" class=\"attachment-camelia-thumb-tiny size-camelia-thumb-tiny wp-post-image\" alt=\"Emociones que dicen m\u00e1s que las palabras\" srcset=\"https:\/\/flordecorspain.com\/wp-content\/uploads\/2017\/09\/otziv1-180x180.jpg 180w, https:\/\/flordecorspain.com\/wp-content\/uploads\/2017\/09\/otziv1-150x150.jpg 150w, https:\/\/flordecorspain.com\/wp-content\/uploads\/2017\/09\/otziv1-100x100.jpg 100w, https:\/\/flordecorspain.com\/wp-content\/uploads\/2017\/09\/otziv1-370x370.jpg 370w\" sizes=\"auto, (max-width: 180px) 100vw, 180px\" \/><\/div>\r\n\t\t\t\t<div class=\"sc_testimonials_item_author_data\">\r\n\t\t\t<h4 class=\"sc_testimonials_item_author_title\">Emociones que dicen m\u00e1s que las palabras<\/h4>\r\n\t\t\t<div class=\"sc_testimonials_item_author_subtitle\"><\/div>\r\n\t\t<\/div>\r\n\t<\/div>\r\n<\/div>\r\n<\/div><\/div><\/div><div class=\"slider_pagination_wrap swiper-pagination\"><span class=\"slider-pagination-button swiper-pagination-button\" style=\"background-image: url(https:\/\/flordecorspain.com\/wp-content\/uploads\/2017\/09\/otziv2-180x180.jpg);\"><\/span><span class=\"slider-pagination-button swiper-pagination-button\" style=\"background-image: url(https:\/\/flordecorspain.com\/wp-content\/uploads\/2017\/09\/otziv1-180x180.jpg);\"><\/span><\/div><\/div><\/div><!-- \/.sc_testimonials -->[vc_empty_space height=\u00bb3rem\u00bb alter_height=\u00bbnone\u00bb hide_on_desktop=\u00bb\u00bb hide_on_notebook=\u00bb\u00bb hide_on_tablet=\u00bb\u00bb hide_on_mobile=\u00bb\u00bb][vc_empty_space height=\u00bb3.5rem\u00bb alter_height=\u00bbnone\u00bb hide_on_desktop=\u00bb\u00bb hide_on_notebook=\u00bb\u00bb hide_on_tablet=\u00bb\u00bb hide_on_mobile=\u00bb\u00bb][\/vc_column][\/vc_row]<\/p>\n<\/div>","protected":false},"excerpt":{"rendered":"<p>[vc_row][vc_column][vc_empty_space height=\u00bb3rem\u00bb alter_height=\u00bbnone\u00bb hide_on_desktop=\u00bb\u00bb hide_on_notebook=\u00bb\u00bb hide_on_tablet=\u00bb\u00bb hide_on_mobile=\u00bb\u00bb][vc_empty_space height=\u00bb3.75rem\u00bb alter_height=\u00bbnone\u00bb hide_on_desktop=\u00bb\u00bb hide_on_notebook=\u00bb\u00bb hide_on_tablet=\u00bb\u00bb hide_on_mobile=\u00bb\u00bb][\/vc_column][\/vc_row][vc_row full_width=\u00bbstretch_row\u00bb hide_bg_image_on_tablet=\u00bb\u00bb hide_bg_image_on_mobile=\u00bb\u00bb][vc_column][vc_empty_space height=\u00bb2.45rem\u00bb alter_height=\u00bbnone\u00bb hide_on_desktop=\u00bb\u00bb hide_on_notebook=\u00bb\u00bb hide_on_tablet=\u00bb\u00bb hide_on_mobile=\u00bb\u00bb][vc_empty_space height=\u00bb3rem\u00bb alter_height=\u00bbnone\u00bb hide_on_desktop=\u00bb\u00bb hide_on_notebook=\u00bb\u00bb hide_on_tablet=\u00bb\u00bb hide_on_mobile=\u00bb\u00bb][vc_empty_space height=\u00bb3.75rem\u00bb alter_height=\u00bbnone\u00bb hide_on_desktop=\u00bb\u00bb hide_on_notebook=\u00bb\u00bb hide_on_tablet=\u00bb\u00bb hide_on_mobile=\u00bb\u00bb][vc_empty_space height=\u00bb2rem\u00bb alter_height=\u00bbnone\u00bb hide_on_desktop=\u00bb\u00bb hide_on_notebook=\u00bb\u00bb hide_on_tablet=\u00bb\u00bb hide_on_mobile=\u00bb\u00bb][vc_empty_space height=\u00bb3rem\u00bb alter_height=\u00bbnone\u00bb hide_on_desktop=\u00bb\u00bb hide_on_notebook=\u00bb\u00bb hide_on_tablet=\u00bb\u00bb hide_on_mobile=\u00bb\u00bb][\/vc_column][\/vc_row][vc_row full_width=\u00bbstretch_row\u00bb disable_element=\u00bbyes\u00bb hide_bg_image_on_tablet=\u00bb\u00bb hide_bg_image_on_mobile=\u00bb\u00bb css=\u00bb.vc_custom_1741902962060{background-color: #ffffff !important;}\u00bb][vc_column][vc_empty_space height=\u00bb3rem\u00bb alter_height=\u00bbnone\u00bb hide_on_desktop=\u00bb\u00bb hide_on_notebook=\u00bb\u00bb hide_on_tablet=\u00bb\u00bb hide_on_mobile=\u00bb\u00bb][vc_empty_space height=\u00bb3.6rem\u00bb&hellip;<\/p>\n","protected":false},"author":1,"featured_media":0,"parent":0,"menu_order":0,"comment_status":"closed","ping_status":"closed","template":"","meta":{"footnotes":""},"class_list":["post-2576","page","type-page","status-publish","hentry"],"_links":{"self":[{"href":"https:\/\/flordecorspain.com\/es\/wp-json\/wp\/v2\/pages\/2576","targetHints":{"allow":["GET"]}}],"collection":[{"href":"https:\/\/flordecorspain.com\/es\/wp-json\/wp\/v2\/pages"}],"about":[{"href":"https:\/\/flordecorspain.com\/es\/wp-json\/wp\/v2\/types\/page"}],"author":[{"embeddable":true,"href":"https:\/\/flordecorspain.com\/es\/wp-json\/wp\/v2\/users\/1"}],"replies":[{"embeddable":true,"href":"https:\/\/flordecorspain.com\/es\/wp-json\/wp\/v2\/comments?post=2576"}],"version-history":[{"count":7,"href":"https:\/\/flordecorspain.com\/es\/wp-json\/wp\/v2\/pages\/2576\/revisions"}],"predecessor-version":[{"id":2819,"href":"https:\/\/flordecorspain.com\/es\/wp-json\/wp\/v2\/pages\/2576\/revisions\/2819"}],"wp:attachment":[{"href":"https:\/\/flordecorspain.com\/es\/wp-json\/wp\/v2\/media?parent=2576"}],"curies":[{"name":"wp","href":"https:\/\/api.w.org\/{rel}","templated":true}]}}